{"id":13788,"date":"2023-09-14T16:25:44","date_gmt":"2023-09-14T16:25:44","guid":{"rendered":"https:\/\/latinpacific.com.mx\/?page_id=13788"},"modified":"2023-09-14T17:31:50","modified_gmt":"2023-09-14T17:31:50","slug":"rutas-y-tiempo-de-transito","status":"publish","type":"page","link":"https:\/\/latinpacific.com.mx\/en\/rutas-y-tiempo-de-transito\/","title":{"rendered":"Rutas y Tiempo de Tr\u00e1nsito"},"content":{"rendered":"<section data-vc-full-width=\"true\" data-vc-full-width-init=\"false\" class=\"vc_section vc_section_visible pix-intro-1 vc_custom_1679703556106 vc_section-has-fill vc_row-o-full-height bg-gradient-primary\" data-section-name=\"\"><div class=\"fullpage-container\"><div class=\"pix-intro-img jarallax\" data-jarallax data-speed=\"0.8\"><img decoding=\"async\" loading=\"lazy\" class=\"jarallax-img pix-opacity-4\"  src=\"https:\/\/latinpacific.com.mx\/wp-content\/uploads\/2023\/03\/contacto.jpg\" alt=\"\" \/><\/div><\/div><div class=\"vc_row wpb_row vc_row-fluid vc_row_visible vc_custom_1679703734294 vc_row-has-fill vc_row-o-content-middle vc_row-flex\"><div class=\"pix_element_overlay  bg-white\" style=\"pointer-events:none;position:absolute;width:100%;height:100%;top:0;left:0;opacity:1;\"><\/div><div class=\"wpb_column vc_column_container vc_col-sm-12 vc_col-has-fill text-center\"><div class=\"vc_column-inner  vc_custom_1679703744163\"><div class=\"wpb_wrapper\"><div id=\"el1677883284452-d07a27e3-7ce7\" class=\"mb-3 text-center  vc_custom_1694708719951\"><h2 class=\"mb-32 pix-sliding-headline-2 animate-in font-weight-bold secondary-font\" data-anim-type=\"pix-sliding-text\" pix-anim-delay=\"500\" data-class=\"secondary-font text-gradient-primary\" style=\"\"><span class=\"slide-in-container\"><span class=\"pix-sliding-item secondary-font text-gradient-primary\" style=\"transition-delay: 0ms;\">Rutas&#32;<\/span><\/span> <span class=\"slide-in-container\"><span class=\"pix-sliding-item secondary-font text-gradient-primary\" style=\"transition-delay: 150ms;\">y&#32;<\/span><\/span> <span class=\"slide-in-container\"><span class=\"pix-sliding-item secondary-font text-gradient-primary\" style=\"transition-delay: 300ms;\">Tiempo&#32;<\/span><\/span> <span class=\"slide-in-container\"><span class=\"pix-sliding-item secondary-font text-gradient-primary\" style=\"transition-delay: 450ms;\">de&#32;<\/span><\/span> <span class=\"slide-in-container\"><span class=\"pix-sliding-item secondary-font text-gradient-primary\" style=\"transition-delay: 600ms;\">Tr\u00e1nsito&#32;<\/span><\/span> <\/h2><\/div><div class=\"pix-el-text w-100\" ><p class=\"text-18  text-body-default\" >Ten la informaci\u00f3n sobre la ruta que seguir\u00e1 tu embarque y el tiempo que se tardar\u00e1 en llegar al destino.<\/p><\/div>\n\t<div class=\"wpb_raw_code wpb_content_element wpb_raw_html\" >\n\t\t<div class=\"wpb_wrapper\">\n\t\t\t\t\t\t<iframe loading=\"lazy\" width=\"100%\" height=\"750px\" frameborder=\"0\" allowfullscreen=\"true\" mozallowfullscreen=\"true\" webkitallowfullscreen=\"true\" scrolling=\"yes\" src=\"http:\/\/sirius.searates.com\/port\"><\/iframe>\n\t\t<\/div>\n\t<\/div>\n<\/div><\/div><\/div><\/div><\/section><div class=\"vc_row-full-width vc_clearfix\"><\/div>","protected":false},"excerpt":{"rendered":"Rutas&#32; y&#32; Tiempo&#32; de&#32; Tr\u00e1nsito&#32; Ten la informaci\u00f3n sobre la ruta que seguir\u00e1 tu embarque y el tiempo que se tardar\u00e1 en llegar al destino.","protected":false},"author":1,"featured_media":0,"parent":0,"menu_order":0,"comment_status":"closed","ping_status":"closed","template":"","meta":{"footnotes":""},"class_list":["post-13788","page","type-page","status-publish","hentry"],"_links":{"self":[{"href":"https:\/\/latinpacific.com.mx\/en\/wp-json\/wp\/v2\/pages\/13788","targetHints":{"allow":["GET"]}}],"collection":[{"href":"https:\/\/latinpacific.com.mx\/en\/wp-json\/wp\/v2\/pages"}],"about":[{"href":"https:\/\/latinpacific.com.mx\/en\/wp-json\/wp\/v2\/types\/page"}],"author":[{"embeddable":true,"href":"https:\/\/latinpacific.com.mx\/en\/wp-json\/wp\/v2\/users\/1"}],"replies":[{"embeddable":true,"href":"https:\/\/latinpacific.com.mx\/en\/wp-json\/wp\/v2\/comments?post=13788"}],"version-history":[{"count":4,"href":"https:\/\/latinpacific.com.mx\/en\/wp-json\/wp\/v2\/pages\/13788\/revisions"}],"predecessor-version":[{"id":13807,"href":"https:\/\/latinpacific.com.mx\/en\/wp-json\/wp\/v2\/pages\/13788\/revisions\/13807"}],"wp:attachment":[{"href":"https:\/\/latinpacific.com.mx\/en\/wp-json\/wp\/v2\/media?parent=13788"}],"curies":[{"name":"wp","href":"https:\/\/api.w.org\/{rel}","templated":true}]}}