{"id":13450,"date":"2023-03-03T21:22:13","date_gmt":"2023-03-03T21:22:13","guid":{"rendered":"https:\/\/latinpacific.com.mx\/?page_id=13450"},"modified":"2023-10-10T16:22:29","modified_gmt":"2023-10-10T16:22:29","slug":"contacto","status":"publish","type":"page","link":"https:\/\/latinpacific.com.mx\/en\/contacto\/","title":{"rendered":"Contacto"},"content":{"rendered":"<section data-vc-full-width=\"true\" data-vc-full-width-init=\"false\" class=\"vc_section vc_section_visible pix-intro-1 vc_custom_1679703556106 vc_section-has-fill vc_row-o-full-height bg-gradient-primary\" data-section-name=\"\"><div class=\"fullpage-container\"><div class=\"pix-intro-img jarallax\" data-jarallax data-speed=\"0.8\"><img decoding=\"async\" loading=\"lazy\" class=\"jarallax-img pix-opacity-4\"  src=\"https:\/\/latinpacific.com.mx\/wp-content\/uploads\/2023\/03\/contacto.jpg\" alt=\"\" \/><\/div><\/div><div class=\"vc_row wpb_row vc_row-fluid vc_row_visible vc_custom_1679703734294 vc_row-has-fill vc_row-o-content-middle vc_row-flex\"><div class=\"pix_element_overlay  bg-white\" style=\"pointer-events:none;position:absolute;width:100%;height:100%;top:0;left:0;opacity:1;\"><\/div><div class=\"wpb_column vc_column_container vc_col-sm-12 vc_col-has-fill text-center\"><div class=\"vc_column-inner  vc_custom_1679703744163\"><div class=\"wpb_wrapper\"><div id=\"el1677883284452-d07a27e3-7ce7\" class=\"mb-3 text-center  vc_custom_1677884922123\"><h2 class=\"mb-32 pix-sliding-headline-2 animate-in font-weight-bold secondary-font\" data-anim-type=\"pix-sliding-text\" pix-anim-delay=\"500\" data-class=\"secondary-font text-gradient-primary\" style=\"\"><span class=\"slide-in-container\"><span class=\"pix-sliding-item secondary-font text-gradient-primary\" style=\"transition-delay: 0ms;\">Oficinas&#32;<\/span><\/span> <span class=\"slide-in-container\"><span class=\"pix-sliding-item secondary-font text-gradient-primary\" style=\"transition-delay: 150ms;\">Latin&#32;<\/span><\/span> <span class=\"slide-in-container\"><span class=\"pix-sliding-item secondary-font text-gradient-primary\" style=\"transition-delay: 300ms;\">Pacific&#32;<\/span><\/span> <\/h2><\/div><div class=\"pix-el-text w-100\" ><p class=\"text-18  text-body-default\" >Tenemos oficinas en distintas zonas del pa\u00eds\r\n<\/p><\/div><div id=\"pix-el-1677883284786-bef1aa4c-4baf\" class=\"\"><div class=\"pix_tabs_container pix-waiting\" data-icons-pos=\"\"><div class=\"nav  nav-pills pix_tabs_btns justify-content-center nav-fill pix-pills-round mb-4\" data-anim-type=\"\" role=\"tablist\" data-anim-delay=\"0\" id=\"v-pills-tab\"  aria-orientation=\"vertical\"><div class=\"nav-item\"><a class=\"nav-link pix-tabs-btn text-24 pix-px-25 py-1 py-md-2 my-2 font-weight-bold\" data-id=\"1591574688547-2bdb8daa-b4b2835e-0d54\" role=\"tab\" id=\"pix-tab-btn-1591574688547-2bdb8daa-b4b2835e-0d54\" data-toggle=\"pill\" href=\"#pix-tab-1591574688547-2bdb8daa-b4b2835e-0d54\"  aria-controls=\"pix-tab-1591574688547-2bdb8daa-b4b2835e-0d54\">Guadalajara<\/a><\/div><div class=\"nav-item\"><a class=\"nav-link pix-tabs-btn text-24 pix-px-25 py-1 py-md-2 my-2 font-weight-bold\" data-id=\"1677883916733-0610cb05-71e5\" role=\"tab\" id=\"pix-tab-btn-1677883916733-0610cb05-71e5\" data-toggle=\"pill\" href=\"#pix-tab-1677883916733-0610cb05-71e5\"  aria-controls=\"pix-tab-1677883916733-0610cb05-71e5\">Monterrey<\/a><\/div><div class=\"nav-item\"><a class=\"nav-link pix-tabs-btn text-24 pix-px-25 py-1 py-md-2 my-2 font-weight-bold\" data-id=\"1677883666741-5707827d-0803\" role=\"tab\" id=\"pix-tab-btn-1677883666741-5707827d-0803\" data-toggle=\"pill\" href=\"#pix-tab-1677883666741-5707827d-0803\"  aria-controls=\"pix-tab-1677883666741-5707827d-0803\">Le\u00f3n<\/a><\/div><\/div><div class=\"pix_tabs_content\" data-anim-type=\"\" data-anim-delay=\"0\"><div class=\"tab-content\"><div class=\"tab-pane  show   vc_custom_1679610884120\" role=\"tabpanel\" data-toggle2=\"tab\" id=\"pix-tab-1591574688547-2bdb8daa-b4b2835e-0d54\" data-bold=\"font-weight-bold\" data-italic=\"\" data-secondary=\"\" data-id=\"1591574688547-2bdb8daa-b4b2835e-0d54\" data-icon=\"\" data-title=\"Guadalajara\" aria-labelledby=\"pix-tab-1591574688547-2bdb8daa-b4b2835e-0d54\"><div class=\"vc_row wpb_row vc_inner vc_row-fluid vc_row-o-content-middle vc_row-flex\"><div class=\"wpb_column vc_column_container vc_col-sm-6 text-left\"><div class=\"vc_column-inner\"><div class=\"wpb_wrapper\">\n\t<div class=\"wpb_raw_code wpb_content_element wpb_raw_html\" >\n\t\t<div class=\"wpb_wrapper\">\n\t\t\t<iframe src=\"https:\/\/www.google.com\/maps\/embed?pb=!1m18!1m12!1m3!1d233.312613996612!2d-103.3839316242742!3d20.669504793955284!2m3!1f0!2f0!3f0!3m2!1i1024!2i768!4f13.1!3m3!1m2!1s0x8428ae736fa3de35%3A0x513df4c7d6e75814!2sC.%20Argensola%20261%2C%20Arcos%20Vallarta%2C%2044130%20Guadalajara%2C%20Jal.!5e0!3m2!1ses!2smx!4v1677879615570!5m2!1ses!2smx\" width=\"100%\" height=\"350\" style=\"border:0;\" allowfullscreen=\"\" loading=\"lazy\" referrerpolicy=\"no-referrer-when-downgrade\"><\/iframe>\n\t\t<\/div>\n\t<\/div>\n<\/div><\/div><\/div><div class=\"wpb_column vc_column_container vc_col-sm-6 text-left\"><div class=\"vc_column-inner vc_custom_1591572840664\"><div class=\"wpb_wrapper\"><div  class=\"pix-heading-el text-left\"><div><div class=\"slide-in-container\"><h2 class=\"text-primary font-weight-bold animate-in heading-text el-title_custom_color mb-12\" style=\"\" data-anim-type=\"fade-in-up\" data-anim-delay=\"0\">Guadalajara<\/h2><\/div><\/div><\/div><div  class=\"pix-heading-el text-left  vc_custom_1677883017147\"><div><div class=\"slide-in-container\"><h3 class=\"text-secondary animate-in heading-text el-title_custom_color mb-12\" style=\"\" data-anim-type=\"fade-in-up\" data-anim-delay=\"0\">Headquarters<\/h3><\/div><\/div><\/div><a href=\"tel:523310464653\" ><div id=\"1677880792816-d4c8a54c-12fd\" class=\"media  vc_custom_1696953702306\"><div class=\"mr-3 text-gradient-primary animate-in\" data-anim-type=\"fade-in-up\" data-anim-delay=\"200\" style=\"width:43.2px;height:43.2px;position:relative;line-height:43.2px;text-align:center;\"><svg width=\"100%\" height=\"100%\" viewbox=\"0 0 24 24\" version=\"1.1\" xmlns=\"http:\/\/www.w3.org\/2000\/svg\" xmlns:xlink=\"http:\/\/www.w3.org\/1999\/xlink\"> <defs><\/defs> <g stroke=\"none\" stroke-width=\"1\" fill=\"none\" fill-rule=\"evenodd\"> <path d=\"M13.0799676,14.7839934 L15.2839934,12.5799676 C15.8927139,11.9712471 16.0436229,11.0413042 15.6586342,10.2713269 L15.5337539,10.0215663 C15.1487653,9.25158901 15.2996742,8.3216461 15.9083948,7.71292558 L18.6411989,4.98012149 C18.836461,4.78485934 19.1530435,4.78485934 19.3483056,4.98012149 C19.3863063,5.01812215 19.4179321,5.06200062 19.4419658,5.11006808 L20.5459415,7.31801948 C21.3904962,9.0071287 21.0594452,11.0471565 19.7240871,12.3825146 L13.7252616,18.3813401 C12.2717221,19.8348796 10.1217008,20.3424308 8.17157288,19.6923882 L5.75709327,18.8875616 C5.49512161,18.8002377 5.35354162,18.5170777 5.4408655,18.2551061 C5.46541191,18.1814669 5.50676633,18.114554 5.56165376,18.0596666 L8.21292558,15.4083948 C8.8216461,14.7996742 9.75158901,14.6487653 10.5215663,15.0337539 L10.7713269,15.1586342 C11.5413042,15.5436229 12.4712471,15.3927139 13.0799676,14.7839934 Z\" fill=\"#000000\"><\/path> <path d=\"M14.1480759,6.00715131 L13.9566988,7.99797396 C12.4781389,7.8558405 11.0097207,8.36895892 9.93933983,9.43933983 C8.8724631,10.5062166 8.35911588,11.9685602 8.49664195,13.4426352 L6.50528978,13.6284215 C6.31304559,11.5678496 7.03283934,9.51741319 8.52512627,8.02512627 C10.0223249,6.52792766 12.0812426,5.80846733 14.1480759,6.00715131 Z M14.4980938,2.02230302 L14.313049,4.01372424 C11.6618299,3.76737046 9.03000738,4.69181803 7.1109127,6.6109127 C5.19447112,8.52735429 4.26985715,11.1545872 4.51274152,13.802405 L2.52110319,13.985098 C2.22450978,10.7517681 3.35562581,7.53777247 5.69669914,5.19669914 C8.04101739,2.85238089 11.2606138,1.72147333 14.4980938,2.02230302 Z\" fill=\"#000000\" fill-rule=\"nonzero\" opacity=\"0.3\"><\/path> <\/g> <\/svg>\n<\/div><div class=\"media-body text-left\"><h6 class=\"font-weight-bold   text-heading-default animate-in\" style=\"\" data-anim-type=\"fade-in-up\" data-anim-delay=\"300\">WhatsApp<\/h6><div class=\"text-body-default text-sm     animate-in\" style=\"\" data-anim-type=\"fade-in-up\" data-anim-delay=\"400\">+52 331 046 4653 <\/div><\/div><\/div><\/a><a href=\"https:\/\/goo.gl\/maps\/rXXCL1ypf4YWuiXW6\" target=\"_blank\"><div id=\"1677883539774-9d493063-57dd\" class=\"media  vc_custom_1683130016277\"><div class=\"mr-3 text-gradient-primary animate-in\" data-anim-type=\"fade-in-up\" data-anim-delay=\"200\" style=\"width:43.2px;height:43.2px;position:relative;line-height:43.2px;text-align:center;\"><svg width=\"100%\" height=\"100%\" viewbox=\"0 0 24 24\" version=\"1.1\" xmlns=\"http:\/\/www.w3.org\/2000\/svg\" xmlns:xlink=\"http:\/\/www.w3.org\/1999\/xlink\"> <defs><\/defs> <g stroke=\"none\" stroke-width=\"1\" fill=\"none\" fill-rule=\"evenodd\"> <path d=\"M4.88230018,17.2353996 L13.2844582,0.431083506 C13.4820496,0.0359007077 13.9625881,-0.12427877 14.3577709,0.0733126292 C14.5125928,0.15072359 14.6381308,0.276261584 14.7155418,0.431083506 L23.1176998,17.2353996 C23.3152912,17.6305824 23.1551117,18.1111209 22.7599289,18.3087123 C22.5664522,18.4054506 22.3420471,18.4197165 22.1378777,18.3482572 L14,15.5 L5.86212227,18.3482572 C5.44509941,18.4942152 4.98871325,18.2744737 4.84275525,17.8574509 C4.77129597,17.6532815 4.78556182,17.4288764 4.88230018,17.2353996 Z\" id=\"Path-99\" fill=\"#000000\" fill-rule=\"nonzero\" transform=\"translate(14.000087, 9.191034) rotate(-315.000000) translate(-14.000087, -9.191034) \"><\/path> <\/g> <\/svg><\/div><div class=\"media-body text-left\"><h6 class=\"font-weight-bold   text-heading-default animate-in\" style=\"\" data-anim-type=\"fade-in-up\" data-anim-delay=\"300\">Direcci\u00f3n<\/h6><div class=\"text-body-default text-sm     animate-in\" style=\"\" data-anim-type=\"fade-in-up\" data-anim-delay=\"400\">Argensola #261. Col. Arcos Vallarta, Guadalajara, Jal. C.P. 44130.<\/div><\/div><\/div><\/a><\/div><\/div><\/div><\/div><\/div><div class=\"tab-pane  show   vc_custom_1683065304286\" role=\"tabpanel\" data-toggle2=\"tab\" id=\"pix-tab-1677883916733-0610cb05-71e5\" data-bold=\"font-weight-bold\" data-italic=\"\" data-secondary=\"\" data-id=\"1677883916733-0610cb05-71e5\" data-icon=\"\" data-title=\"Monterrey\" aria-labelledby=\"pix-tab-1677883916733-0610cb05-71e5\"><div class=\"vc_row wpb_row vc_inner vc_row-fluid vc_row-o-content-middle vc_row-flex\"><div class=\"wpb_column vc_column_container vc_col-sm-6 text-left\"><div class=\"vc_column-inner\"><div class=\"wpb_wrapper\">\n\t<div class=\"wpb_raw_code wpb_content_element wpb_raw_html\" >\n\t\t<div class=\"wpb_wrapper\">\n\t\t\t<iframe src=\"https:\/\/www.google.com\/maps\/embed?pb=!1m18!1m12!1m3!1d899.0480183565177!2d-100.33107713042853!3d25.66492689858829!2m3!1f0!2f0!3f0!3m2!1i1024!2i768!4f13.1!3m3!1m2!1s0x8662be19ad9213e7%3A0xb8d0e2a2b6cd1e27!2sCentro%20Convex!5e0!3m2!1ses-419!2smx!4v1683065249843!5m2!1ses-419!2smx\" width=\"100%\" height=\"350\" style=\"border:0;\" allowfullscreen=\"\" loading=\"lazy\" referrerpolicy=\"no-referrer-when-downgrade\"><\/iframe> \n\t\t<\/div>\n\t<\/div>\n<\/div><\/div><\/div><div class=\"wpb_column vc_column_container vc_col-sm-6 text-left\"><div class=\"vc_column-inner vc_custom_1591572840664\"><div class=\"wpb_wrapper\"><div  class=\"pix-heading-el text-left\"><div><div class=\"slide-in-container\"><h2 class=\"text-primary font-weight-bold animate-in heading-text el-title_custom_color mb-12\" style=\"\" data-anim-type=\"fade-in-up\" data-anim-delay=\"0\">Monterrey<\/h2><\/div><\/div><\/div><div  class=\"pix-heading-el text-left  vc_custom_1683064822166\"><div><div class=\"slide-in-container\"><h3 class=\"text-secondary animate-in heading-text el-title_custom_color mb-12\" style=\"\" data-anim-type=\"fade-in-up\" data-anim-delay=\"0\">Branch<\/h3><\/div><\/div><\/div><a href=\"tel:523322558141\" ><div id=\"1677883917394-51b66571-0536\" class=\"media  vc_custom_1696953727484\"><div class=\"mr-3 text-gradient-primary animate-in\" data-anim-type=\"fade-in-up\" data-anim-delay=\"200\" style=\"width:43.2px;height:43.2px;position:relative;line-height:43.2px;text-align:center;\"><svg width=\"100%\" height=\"100%\" viewbox=\"0 0 24 24\" version=\"1.1\" xmlns=\"http:\/\/www.w3.org\/2000\/svg\" xmlns:xlink=\"http:\/\/www.w3.org\/1999\/xlink\"> <defs><\/defs> <g stroke=\"none\" stroke-width=\"1\" fill=\"none\" fill-rule=\"evenodd\"> <path d=\"M13.0799676,14.7839934 L15.2839934,12.5799676 C15.8927139,11.9712471 16.0436229,11.0413042 15.6586342,10.2713269 L15.5337539,10.0215663 C15.1487653,9.25158901 15.2996742,8.3216461 15.9083948,7.71292558 L18.6411989,4.98012149 C18.836461,4.78485934 19.1530435,4.78485934 19.3483056,4.98012149 C19.3863063,5.01812215 19.4179321,5.06200062 19.4419658,5.11006808 L20.5459415,7.31801948 C21.3904962,9.0071287 21.0594452,11.0471565 19.7240871,12.3825146 L13.7252616,18.3813401 C12.2717221,19.8348796 10.1217008,20.3424308 8.17157288,19.6923882 L5.75709327,18.8875616 C5.49512161,18.8002377 5.35354162,18.5170777 5.4408655,18.2551061 C5.46541191,18.1814669 5.50676633,18.114554 5.56165376,18.0596666 L8.21292558,15.4083948 C8.8216461,14.7996742 9.75158901,14.6487653 10.5215663,15.0337539 L10.7713269,15.1586342 C11.5413042,15.5436229 12.4712471,15.3927139 13.0799676,14.7839934 Z\" fill=\"#000000\"><\/path> <path d=\"M14.1480759,6.00715131 L13.9566988,7.99797396 C12.4781389,7.8558405 11.0097207,8.36895892 9.93933983,9.43933983 C8.8724631,10.5062166 8.35911588,11.9685602 8.49664195,13.4426352 L6.50528978,13.6284215 C6.31304559,11.5678496 7.03283934,9.51741319 8.52512627,8.02512627 C10.0223249,6.52792766 12.0812426,5.80846733 14.1480759,6.00715131 Z M14.4980938,2.02230302 L14.313049,4.01372424 C11.6618299,3.76737046 9.03000738,4.69181803 7.1109127,6.6109127 C5.19447112,8.52735429 4.26985715,11.1545872 4.51274152,13.802405 L2.52110319,13.985098 C2.22450978,10.7517681 3.35562581,7.53777247 5.69669914,5.19669914 C8.04101739,2.85238089 11.2606138,1.72147333 14.4980938,2.02230302 Z\" fill=\"#000000\" fill-rule=\"nonzero\" opacity=\"0.3\"><\/path> <\/g> <\/svg>\n<\/div><div class=\"media-body text-left\"><h6 class=\"font-weight-bold   text-heading-default animate-in\" style=\"\" data-anim-type=\"fade-in-up\" data-anim-delay=\"300\">WhatsApp<\/h6><div class=\"text-body-default text-sm     animate-in\" style=\"\" data-anim-type=\"fade-in-up\" data-anim-delay=\"400\">+52 332 255 8141 <\/div><\/div><\/div><\/a><a href=\"https:\/\/goo.gl\/maps\/u57qUpv9ziaoeVMr7?coh=178571&amp;entry=tt\" target=\"_blank\"><div id=\"1677883917488-11438f11-5cee\" class=\"media  vc_custom_1683065264377\"><div class=\"mr-3 text-gradient-primary animate-in\" data-anim-type=\"fade-in-up\" data-anim-delay=\"200\" style=\"width:43.2px;height:43.2px;position:relative;line-height:43.2px;text-align:center;\"><svg width=\"100%\" height=\"100%\" viewbox=\"0 0 24 24\" version=\"1.1\" xmlns=\"http:\/\/www.w3.org\/2000\/svg\" xmlns:xlink=\"http:\/\/www.w3.org\/1999\/xlink\"> <defs><\/defs> <g stroke=\"none\" stroke-width=\"1\" fill=\"none\" fill-rule=\"evenodd\"> <path d=\"M4.88230018,17.2353996 L13.2844582,0.431083506 C13.4820496,0.0359007077 13.9625881,-0.12427877 14.3577709,0.0733126292 C14.5125928,0.15072359 14.6381308,0.276261584 14.7155418,0.431083506 L23.1176998,17.2353996 C23.3152912,17.6305824 23.1551117,18.1111209 22.7599289,18.3087123 C22.5664522,18.4054506 22.3420471,18.4197165 22.1378777,18.3482572 L14,15.5 L5.86212227,18.3482572 C5.44509941,18.4942152 4.98871325,18.2744737 4.84275525,17.8574509 C4.77129597,17.6532815 4.78556182,17.4288764 4.88230018,17.2353996 Z\" id=\"Path-99\" fill=\"#000000\" fill-rule=\"nonzero\" transform=\"translate(14.000087, 9.191034) rotate(-315.000000) translate(-14.000087, -9.191034) \"><\/path> <\/g> <\/svg><\/div><div class=\"media-body text-left\"><h6 class=\"font-weight-bold   text-heading-default animate-in\" style=\"\" data-anim-type=\"fade-in-up\" data-anim-delay=\"300\">Direcci\u00f3n<\/h6><div class=\"text-body-default text-sm     animate-in\" style=\"\" data-anim-type=\"fade-in-up\" data-anim-delay=\"400\">Av. Ignacio Morones Prieto 1500, Nuevas Colonias, 64710 Monterrey, N.L (Centro CONVEX, Piso 5)\r\n<\/div><\/div><\/div><\/a><\/div><\/div><\/div><\/div><\/div><div class=\"tab-pane  show   vc_custom_1679610871374\" role=\"tabpanel\" data-toggle2=\"tab\" id=\"pix-tab-1677883666741-5707827d-0803\" data-bold=\"font-weight-bold\" data-italic=\"\" data-secondary=\"\" data-id=\"1677883666741-5707827d-0803\" data-icon=\"\" data-title=\"Le\u00f3n\" aria-labelledby=\"pix-tab-1677883666741-5707827d-0803\"><div class=\"vc_row wpb_row vc_inner vc_row-fluid vc_row-o-content-middle vc_row-flex\"><div class=\"wpb_column vc_column_container vc_col-sm-6 text-left\"><div class=\"vc_column-inner\"><div class=\"wpb_wrapper\">\n\t<div class=\"wpb_raw_code wpb_content_element wpb_raw_html\" >\n\t\t<div class=\"wpb_wrapper\">\n\t\t\t<iframe src=\"https:\/\/www.google.com\/maps\/embed?pb=!1m18!1m12!1m3!1d232.56654396204573!2d-101.67016403079944!3d21.14982318143264!2m3!1f0!2f0!3f0!3m2!1i1024!2i768!4f13.1!3m3!1m2!1s0x842bbfe2d5051433%3A0x17f7927b37e180d!2sOficinas%20Virtuales%20y%20Coworking%20INTEGRAWS%20SA%20de%20CV!5e0!3m2!1sen!2smx!4v1694631413142!5m2!1sen!2smx\" width=\"100%\" height=\"350\" style=\"border:0;\" allowfullscreen=\"\" loading=\"lazy\" referrerpolicy=\"no-referrer-when-downgrade\"><\/iframe>\n\t\t<\/div>\n\t<\/div>\n<\/div><\/div><\/div><div class=\"wpb_column vc_column_container vc_col-sm-6 text-left\"><div class=\"vc_column-inner vc_custom_1591572840664\"><div class=\"wpb_wrapper\"><div  class=\"pix-heading-el text-left\"><div><div class=\"slide-in-container\"><h2 class=\"text-primary font-weight-bold animate-in heading-text el-title_custom_color mb-12\" style=\"\" data-anim-type=\"fade-in-up\" data-anim-delay=\"0\">Le\u00f3n<\/h2><\/div><\/div><\/div><div  class=\"pix-heading-el text-left  vc_custom_1677883048435\"><div><div class=\"slide-in-container\"><h3 class=\"text-secondary animate-in heading-text el-title_custom_color mb-12\" style=\"\" data-anim-type=\"fade-in-up\" data-anim-delay=\"0\">Branch<\/h3><\/div><\/div><\/div><a href=\"tel:524778540177\" ><div id=\"1677883667278-6b86f9d8-3cc1\" class=\"media  vc_custom_1696953899298\"><div class=\"mr-3 text-gradient-primary animate-in\" data-anim-type=\"fade-in-up\" data-anim-delay=\"200\" style=\"width:43.2px;height:43.2px;position:relative;line-height:43.2px;text-align:center;\"><svg width=\"100%\" height=\"100%\" viewbox=\"0 0 24 24\" version=\"1.1\" xmlns=\"http:\/\/www.w3.org\/2000\/svg\" xmlns:xlink=\"http:\/\/www.w3.org\/1999\/xlink\"> <defs><\/defs> <g stroke=\"none\" stroke-width=\"1\" fill=\"none\" fill-rule=\"evenodd\"> <path d=\"M13.0799676,14.7839934 L15.2839934,12.5799676 C15.8927139,11.9712471 16.0436229,11.0413042 15.6586342,10.2713269 L15.5337539,10.0215663 C15.1487653,9.25158901 15.2996742,8.3216461 15.9083948,7.71292558 L18.6411989,4.98012149 C18.836461,4.78485934 19.1530435,4.78485934 19.3483056,4.98012149 C19.3863063,5.01812215 19.4179321,5.06200062 19.4419658,5.11006808 L20.5459415,7.31801948 C21.3904962,9.0071287 21.0594452,11.0471565 19.7240871,12.3825146 L13.7252616,18.3813401 C12.2717221,19.8348796 10.1217008,20.3424308 8.17157288,19.6923882 L5.75709327,18.8875616 C5.49512161,18.8002377 5.35354162,18.5170777 5.4408655,18.2551061 C5.46541191,18.1814669 5.50676633,18.114554 5.56165376,18.0596666 L8.21292558,15.4083948 C8.8216461,14.7996742 9.75158901,14.6487653 10.5215663,15.0337539 L10.7713269,15.1586342 C11.5413042,15.5436229 12.4712471,15.3927139 13.0799676,14.7839934 Z\" fill=\"#000000\"><\/path> <path d=\"M14.1480759,6.00715131 L13.9566988,7.99797396 C12.4781389,7.8558405 11.0097207,8.36895892 9.93933983,9.43933983 C8.8724631,10.5062166 8.35911588,11.9685602 8.49664195,13.4426352 L6.50528978,13.6284215 C6.31304559,11.5678496 7.03283934,9.51741319 8.52512627,8.02512627 C10.0223249,6.52792766 12.0812426,5.80846733 14.1480759,6.00715131 Z M14.4980938,2.02230302 L14.313049,4.01372424 C11.6618299,3.76737046 9.03000738,4.69181803 7.1109127,6.6109127 C5.19447112,8.52735429 4.26985715,11.1545872 4.51274152,13.802405 L2.52110319,13.985098 C2.22450978,10.7517681 3.35562581,7.53777247 5.69669914,5.19669914 C8.04101739,2.85238089 11.2606138,1.72147333 14.4980938,2.02230302 Z\" fill=\"#000000\" fill-rule=\"nonzero\" opacity=\"0.3\"><\/path> <\/g> <\/svg>\n<\/div><div class=\"media-body text-left\"><h6 class=\"font-weight-bold   text-heading-default animate-in\" style=\"\" data-anim-type=\"fade-in-up\" data-anim-delay=\"300\">WhatsApp<\/h6><div class=\"text-body-default text-sm     animate-in\" style=\"\" data-anim-type=\"fade-in-up\" data-anim-delay=\"400\">+ 52 477 854 0177<\/div><\/div><\/div><\/a><a href=\"https:\/\/goo.gl\/maps\/ai88UyytdLC5tftX7\" target=\"_blank\"><div id=\"1677883667351-c234e39a-e65d\" class=\"media  vc_custom_1694631531295\"><div class=\"mr-3 text-gradient-primary animate-in\" data-anim-type=\"fade-in-up\" data-anim-delay=\"200\" style=\"width:43.2px;height:43.2px;position:relative;line-height:43.2px;text-align:center;\"><svg width=\"100%\" height=\"100%\" viewbox=\"0 0 24 24\" version=\"1.1\" xmlns=\"http:\/\/www.w3.org\/2000\/svg\" xmlns:xlink=\"http:\/\/www.w3.org\/1999\/xlink\"> <defs><\/defs> <g stroke=\"none\" stroke-width=\"1\" fill=\"none\" fill-rule=\"evenodd\"> <path d=\"M4.88230018,17.2353996 L13.2844582,0.431083506 C13.4820496,0.0359007077 13.9625881,-0.12427877 14.3577709,0.0733126292 C14.5125928,0.15072359 14.6381308,0.276261584 14.7155418,0.431083506 L23.1176998,17.2353996 C23.3152912,17.6305824 23.1551117,18.1111209 22.7599289,18.3087123 C22.5664522,18.4054506 22.3420471,18.4197165 22.1378777,18.3482572 L14,15.5 L5.86212227,18.3482572 C5.44509941,18.4942152 4.98871325,18.2744737 4.84275525,17.8574509 C4.77129597,17.6532815 4.78556182,17.4288764 4.88230018,17.2353996 Z\" id=\"Path-99\" fill=\"#000000\" fill-rule=\"nonzero\" transform=\"translate(14.000087, 9.191034) rotate(-315.000000) translate(-14.000087, -9.191034) \"><\/path> <\/g> <\/svg><\/div><div class=\"media-body text-left\"><h6 class=\"font-weight-bold   text-heading-default animate-in\" style=\"\" data-anim-type=\"fade-in-up\" data-anim-delay=\"300\">Direcci\u00f3n<\/h6><div class=\"text-body-default text-sm     animate-in\" style=\"\" data-anim-type=\"fade-in-up\" data-anim-delay=\"400\">Tancitaro #1329 of 4 Col. San Jer\u00f3nimo CP 37204 Le\u00f3n, Gto.<\/div><\/div><\/div><\/a><\/div><\/div><\/div><\/div><\/div><\/div><\/div><\/div><\/div><\/div><\/div><\/div><\/div><\/section><div class=\"vc_row-full-width vc_clearfix\"><\/div>","protected":false},"excerpt":{"rendered":"Oficinas&#32; Latin&#32; Pacific&#32; Tenemos oficinas en distintas zonas del pa\u00eds GuadalajaraMonterreyLe\u00f3n GuadalajaraHeadquarters WhatsApp+52 331 046 4653 Direcci\u00f3nArgensola #261. Col. Arcos Vallarta, Guadalajara, Jal. C.P. 44130. MonterreyBranch WhatsApp+52 332 255 8141 Direcci\u00f3nAv. Ignacio Morones Prieto 1500, Nuevas Colonias, 64710 Monterrey, N.L...","protected":false},"author":1,"featured_media":0,"parent":0,"menu_order":0,"comment_status":"closed","ping_status":"closed","template":"","meta":{"footnotes":""},"class_list":["post-13450","page","type-page","status-publish","hentry"],"_links":{"self":[{"href":"https:\/\/latinpacific.com.mx\/en\/wp-json\/wp\/v2\/pages\/13450","targetHints":{"allow":["GET"]}}],"collection":[{"href":"https:\/\/latinpacific.com.mx\/en\/wp-json\/wp\/v2\/pages"}],"about":[{"href":"https:\/\/latinpacific.com.mx\/en\/wp-json\/wp\/v2\/types\/page"}],"author":[{"embeddable":true,"href":"https:\/\/latinpacific.com.mx\/en\/wp-json\/wp\/v2\/users\/1"}],"replies":[{"embeddable":true,"href":"https:\/\/latinpacific.com.mx\/en\/wp-json\/wp\/v2\/comments?post=13450"}],"version-history":[{"count":17,"href":"https:\/\/latinpacific.com.mx\/en\/wp-json\/wp\/v2\/pages\/13450\/revisions"}],"predecessor-version":[{"id":13484,"href":"https:\/\/latinpacific.com.mx\/en\/wp-json\/wp\/v2\/pages\/13450\/revisions\/13484"}],"wp:attachment":[{"href":"https:\/\/latinpacific.com.mx\/en\/wp-json\/wp\/v2\/media?parent=13450"}],"curies":[{"name":"wp","href":"https:\/\/api.w.org\/{rel}","templated":true}]}}